{"id":19,"date":"2021-08-15T17:32:27","date_gmt":"2021-08-15T15:32:27","guid":{"rendered":"https:\/\/www.stefgraphisme.fr\/sites-cles-en-main\/avance\/?page_id=19"},"modified":"2022-02-09T16:07:06","modified_gmt":"2022-02-09T15:07:06","slug":"nos-services","status":"publish","type":"page","link":"https:\/\/stefgraphisme.fr\/sites-cles-en-main\/avance\/nos-services\/","title":{"rendered":"Nos services"},"content":{"rendered":"<style>#kt-layout-id_b21951-02 > .kt-row-column-wrap{z-index:10;position:relative;align-content:start;}:where(#kt-layout-id_b21951-02 > .kt-row-column-wrap) > .wp-block-kadence-column{justify-content:start;}#kt-layout-id_b21951-02 > .kt-row-column-wrap{column-gap:var(--global-kb-gap-md, 2rem);row-gap:var(--global-kb-gap-md, 2rem);max-width:var( --global-content-width, 1440px );padding-left:var(--global-content-edge-padding);padding-right:var(--global-content-edge-padding);padding-top:25px;padding-bottom:25px;padding-top:130px;padding-bottom:392px;grid-template-columns:minmax(0, 1fr);}#kt-layout-id_b21951-02{background-image:url('https:\/\/www.stefgraphisme.fr\/sites-cles-en-main\/avance\/wp-content\/uploads\/2021\/08\/young-positive-cool-lady-with-curly-hair-using-laptop-isolated-scaled.jpg');background-size:cover;background-position:12% 46%;background-attachment:fixed;background-repeat:no-repeat;}#kt-layout-id_b21951-02 > .kt-row-layout-overlay{opacity:0.00;background-image:linear-gradient(90deg, #00b5e2 0%, #1c809a 100%);mix-blend-mode:overlay;}#kt-layout-id_b21951-02 .kt-row-layout-bottom-sep{height:100px;}#kt-layout-id_b21951-02 .kt-row-layout-bottom-sep svg{width:100%;}#kt-layout-id_b21951-02 .kt-row-layout-bottom-sep svg{fill:#ffffff!important;}@media all and (max-width: 1024px){#kt-layout-id_b21951-02 > .kt-row-column-wrap{grid-template-columns:minmax(0, 1fr);}}@media all and (max-width: 1024px){#kt-layout-id_b21951-02 .kt-row-layout-bottom-sep{height:px;}}@media all and (max-width: 1024px){#kt-layout-id_b21951-02 .kt-row-layout-bottom-sep svg{width:%;}}@media all and (max-width: 767px){#kt-layout-id_b21951-02 > .kt-row-column-wrap{grid-template-columns:minmax(0, 1fr);}#kt-layout-id_b21951-02 .kt-row-layout-bottom-sep{height:px;}#kt-layout-id_b21951-02 .kt-row-layout-bottom-sep svg{width:%;}}<\/style>\n<div class=\"wp-block-kadence-rowlayout alignfull\"><div id=\"kt-layout-id_b21951-02\" class=\"kt-row-layout-inner kt-row-has-bg kt-layout-id_b21951-02 kt-jarallax\"><div class=\"kt-row-layout-overlay kt-row-overlay-gradient\"><\/div><div class=\"kt-row-column-wrap kt-has-1-columns kt-gutter-default kt-v-gutter-default kt-row-valign-top kt-row-layout-equal kt-tab-layout-inherit kt-m-colapse-left-to-right kt-mobile-layout-row kb-theme-content-width\"><style>.kadence-column_c3537c-79 > .kt-inside-inner-col{border-top-width:0px;border-right-width:0px;border-bottom-width:0px;border-left-width:0px;}.kadence-column_c3537c-79 > .kt-inside-inner-col,.kadence-column_c3537c-79 > .kt-inside-inner-col:before{border-top-left-radius:0px;border-top-right-radius:0px;border-bottom-right-radius:0px;border-bottom-left-radius:0px;}.kadence-column_c3537c-79 > .kt-inside-inner-col:before{opacity:0.3;}.kadence-column_c3537c-79{position:relative;}<\/style>\n<div class=\"wp-block-kadence-column inner-column-1 kadence-column_c3537c-79\"><div class=\"kt-inside-inner-col\"><style>.wp-block-kadence-advancedheading.kt-adv-heading_fa97ca-0a, .wp-block-kadence-advancedheading.kt-adv-heading_fa97ca-0a[data-kb-block=\"kb-adv-heading_fa97ca-0a\"]{text-align:left;font-size:3.5em;line-height:1.3em;font-weight:800;font-style:normal;font-family:Montserrat;color:#ffffff;}.wp-block-kadence-advancedheading.kt-adv-heading_fa97ca-0a mark, .wp-block-kadence-advancedheading.kt-adv-heading_fa97ca-0a[data-kb-block=\"kb-adv-heading_fa97ca-0a\"] mark{font-style:normal;color:#f76a0c;padding-top:0px;padding-right:0px;padding-bottom:0px;padding-left:0px;}<\/style>\n<h1 class=\"kt-adv-heading_fa97ca-0a wp-block-kadence-advancedheading\" data-kb-block=\"kb-adv-heading_fa97ca-0a\">Vos services<\/h1>\n\n\n<style>.wp-block-kadence-advancedheading.kt-adv-heading_16e066-c4, .wp-block-kadence-advancedheading.kt-adv-heading_16e066-c4[data-kb-block=\"kb-adv-heading_16e066-c4\"]{text-align:left;font-size:1.6em;line-height:1em;font-weight:200;font-style:normal;font-family:Montserrat;color:#ffffff;}.wp-block-kadence-advancedheading.kt-adv-heading_16e066-c4 mark, .wp-block-kadence-advancedheading.kt-adv-heading_16e066-c4[data-kb-block=\"kb-adv-heading_16e066-c4\"] mark{font-style:normal;color:#f76a0c;padding-top:0px;padding-right:0px;padding-bottom:0px;padding-left:0px;}<\/style>\n<h4 class=\"kt-adv-heading_16e066-c4 wp-block-kadence-advancedheading\" data-kb-block=\"kb-adv-heading_16e066-c4\">sous-titre<\/h4>\n\n\n<style>.wp-block-kadence-advancedbtn.kt-btns_961548-bc, .site .entry-content .wp-block-kadence-advancedbtn.kt-btns_961548-bc, .wp-block-kadence-advancedbtn.kb-btns_961548-bc, .site .entry-content .wp-block-kadence-advancedbtn.kb-btns_961548-bc{margin-top:30px;}.wp-block-kadence-advancedbtn.kb-btns_961548-bc{gap:var(--global-kb-gap-xs, 0.5rem );justify-content:flex-start;align-items:center;}.kt-btns_961548-bc .kt-button{font-family:Montserrat;font-weight:300;font-style:normal;}.wp-block-kadence-advancedbtn.kt-btns_961548-bc .kt-btn-wrap-0 .kt-button{color:#ffffff;font-size:18px;background:#00b5e2;border-color:#00b5e2;border-style:solid;}.wp-block-kadence-advancedbtn.kt-btns_961548-bc .kt-btn-wrap-0 .kt-button:hover, .wp-block-kadence-advancedbtn.kt-btns_961548-bc .kt-btn-wrap-0 .kt-button:focus{color:#ffffff;border-color:#444444;}.wp-block-kadence-advancedbtn.kt-btns_961548-bc .kt-btn-wrap-0 .kt-button::before{display:none;}.wp-block-kadence-advancedbtn.kt-btns_961548-bc .kt-btn-wrap-0 .kt-button:hover, .wp-block-kadence-advancedbtn.kt-btns_961548-bc .kt-btn-wrap-0 .kt-button:focus{background:#444444;}<\/style>\n<div class=\"wp-block-kadence-advancedbtn kt-btn-align-left kt-btn-tablet-align-inherit kt-btn-mobile-align-inherit kt-btns-wrap kt-btns_961548-bc\"><div class=\"kt-btn-wrap kt-btn-wrap-0\"><a class=\"kt-button button kt-btn-0-action kt-btn-size-custom kt-btn-style-basic kt-btn-svg-show-always kt-btn-has-text-true kt-btn-has-svg-false\" href=\"#link\" style=\"border-radius:3px;border-width:3px\"><span class=\"kt-btn-inner-text\">CONTACT<\/span><\/a><\/div><\/div>\n\n\n\n<p><\/p>\n<\/div><\/div>\n<\/div><div class=\"kt-row-layout-bottom-sep kt-row-sep-type-wavesi\"><svg style=\"fill:#ffffff\" viewbox=\"0 0 1000 100\" preserveaspectratio=\"none\"><path d=\"M0,40c0,0 120.077,-38.076 250,-38c129.923,0.076 345.105,78 500,78c154.895,0 250,-30 250,-30l0,50l-1000,0l0,-60Z\"><\/path><path d=\"M0,40c0,0 120.077,-38.076 250,-38c129.923,0.076 345.105,73 500,73c154.895,0 250,-45 250,-45l0,70l-1000,0l0,-60Z\" style=\"opacity:0.4\"><\/path><path d=\"M0,40c0,0 120.077,-38.076 250,-38c129.923,0.076 345.105,68 500,68c154.895,0 250,-65 250,-65l0,95l-1000,0l0,-60Z\" style=\"opacity:0.4\"><\/path><\/svg><\/div><\/div><\/div>\n\n\n<style>#kt-layout-id_32fd92-dc > .kt-row-column-wrap{align-content:start;}:where(#kt-layout-id_32fd92-dc > .kt-row-column-wrap) > .wp-block-kadence-column{justify-content:start;}#kt-layout-id_32fd92-dc > .kt-row-column-wrap{column-gap:var(--global-kb-gap-md, 2rem);row-gap:var(--global-kb-gap-md, 2rem);padding-top:25px;padding-bottom:25px;padding-top:var(--global-kb-spacing-sm, 1.5rem);padding-bottom:var(--global-kb-spacing-sm, 1.5rem);grid-template-columns:minmax(0, 1fr);}#kt-layout-id_32fd92-dc > .kt-row-layout-overlay{opacity:0.30;}@media all and (max-width: 1024px){#kt-layout-id_32fd92-dc > .kt-row-column-wrap{grid-template-columns:minmax(0, 1fr);}}@media all and (max-width: 767px){#kt-layout-id_32fd92-dc > .kt-row-column-wrap{grid-template-columns:minmax(0, 1fr);}}<\/style>\n<div class=\"wp-block-kadence-rowlayout alignnone\"><div id=\"kt-layout-id_32fd92-dc\" class=\"kt-row-layout-inner kt-layout-id_32fd92-dc\"><div class=\"kt-row-column-wrap kt-has-1-columns kt-gutter-default kt-v-gutter-default kt-row-valign-top kt-row-layout-equal kt-tab-layout-inherit kt-m-colapse-left-to-right kt-mobile-layout-row\"><style>.kadence-column_76f78f-e2 > .kt-inside-inner-col{border-top-width:0px;border-right-width:0px;border-bottom-width:0px;border-left-width:0px;}.kadence-column_76f78f-e2 > .kt-inside-inner-col,.kadence-column_76f78f-e2 > .kt-inside-inner-col:before{border-top-left-radius:0px;border-top-right-radius:0px;border-bottom-right-radius:0px;border-bottom-left-radius:0px;}.kadence-column_76f78f-e2 > .kt-inside-inner-col:before{opacity:0.3;}.kadence-column_76f78f-e2{position:relative;}<\/style>\n<div class=\"wp-block-kadence-column inner-column-1 kadence-column_76f78f-e2\"><div class=\"kt-inside-inner-col\"><\/div><\/div>\n<\/div><\/div><\/div>\n\n\n<style>#kt-layout-id_6d6398-62 > .kt-row-column-wrap{align-content:start;}:where(#kt-layout-id_6d6398-62 > .kt-row-column-wrap) > .wp-block-kadence-column{justify-content:start;}#kt-layout-id_6d6398-62 > .kt-row-column-wrap{column-gap:var(--global-kb-gap-md, 2rem);row-gap:var(--global-kb-gap-md, 2rem);padding-top:25px;padding-bottom:25px;padding-top:0px;padding-bottom:0px;grid-template-columns:minmax(0, 1fr);}#kt-layout-id_6d6398-62 > .kt-row-layout-overlay{opacity:0.30;}@media all and (max-width: 1024px){#kt-layout-id_6d6398-62 > .kt-row-column-wrap{grid-template-columns:minmax(0, 1fr);}}@media all and (max-width: 767px){#kt-layout-id_6d6398-62 > .kt-row-column-wrap{grid-template-columns:minmax(0, 1fr);}}<\/style>\n<div class=\"wp-block-kadence-rowlayout alignfull\"><div id=\"kt-layout-id_6d6398-62\" class=\"kt-row-layout-inner kt-row-has-bg kt-layout-id_6d6398-62 has-theme-palette-9-background-color\"><div class=\"kt-row-column-wrap kt-has-1-columns kt-gutter-default kt-v-gutter-default kt-row-valign-top kt-row-layout-equal kt-tab-layout-inherit kt-m-colapse-left-to-right kt-mobile-layout-row\"><style>.kadence-column_80a0d9-1e > .kt-inside-inner-col{padding-top:30px;}.kadence-column_80a0d9-1e > .kt-inside-inner-col{border-top-width:0px;border-right-width:0px;border-bottom-width:0px;border-left-width:0px;}.kadence-column_80a0d9-1e > .kt-inside-inner-col,.kadence-column_80a0d9-1e > .kt-inside-inner-col:before{border-top-left-radius:0px;border-top-right-radius:0px;border-bottom-right-radius:0px;border-bottom-left-radius:0px;}.kadence-column_80a0d9-1e > .kt-inside-inner-col{background-color:var(--global-palette9, #ffffff);}.kadence-column_80a0d9-1e > .kt-inside-inner-col:before{opacity:0.3;}.kadence-column_80a0d9-1e{position:relative;}<\/style>\n<div class=\"wp-block-kadence-column inner-column-1 kadence-column_80a0d9-1e\"><div class=\"kt-inside-inner-col\" style=\"background:var(--global-palette9)\">\n<h2 class=\"alignfull has-text-align-center wp-block-heading\">Pr\u00e9sentation de vos services<\/h2>\n\n\n\n<p><\/p>\n<\/div><\/div>\n<\/div><\/div><\/div>\n\n\n<style>#kt-layout-id_b5cfb8-36 > .kt-row-column-wrap{align-content:center;}:where(#kt-layout-id_b5cfb8-36 > .kt-row-column-wrap) > .wp-block-kadence-column{justify-content:center;}#kt-layout-id_b5cfb8-36 > .kt-row-column-wrap{column-gap:80px;row-gap:var(--global-kb-gap-md, 2rem);max-width:var( --global-content-width, 1440px );padding-left:var(--global-content-edge-padding);padding-right:var(--global-content-edge-padding);padding-top:25px;padding-bottom:25px;padding-top:80px;padding-bottom:80px;grid-template-columns:minmax(0, 1fr) minmax(0, 2fr);}#kt-layout-id_b5cfb8-36 > .kt-row-layout-overlay{opacity:0.30;}#kt-layout-id_b5cfb8-36 .kt-row-layout-bottom-sep{height:100px;}#kt-layout-id_b5cfb8-36 .kt-row-layout-bottom-sep svg{width:100%;}#kt-layout-id_b5cfb8-36 .kt-row-layout-bottom-sep svg{fill:#ffffff!important;}@media all and (max-width: 1024px){#kt-layout-id_b5cfb8-36 > .kt-row-column-wrap{grid-template-columns:repeat(2, minmax(0, 1fr));}}@media all and (max-width: 1024px){#kt-layout-id_b5cfb8-36 .kt-row-layout-bottom-sep{height:px;}}@media all and (max-width: 1024px){#kt-layout-id_b5cfb8-36 .kt-row-layout-bottom-sep svg{width:%;}}@media all and (max-width: 767px){#kt-layout-id_b5cfb8-36 > .kt-row-column-wrap{grid-template-columns:minmax(0, 1fr);}#kt-layout-id_b5cfb8-36 .kt-row-layout-bottom-sep{height:px;}#kt-layout-id_b5cfb8-36 .kt-row-layout-bottom-sep svg{width:%;}}<\/style>\n<div class=\"wp-block-kadence-rowlayout alignnone\"><div id=\"kt-layout-id_b5cfb8-36\" class=\"kt-row-layout-inner kt-layout-id_b5cfb8-36\"><div class=\"kt-row-column-wrap kt-has-2-columns kt-gutter-widest kt-v-gutter-default kt-row-valign-middle kt-row-layout-right-golden kt-tab-layout-inherit kt-m-colapse-left-to-right kt-mobile-layout-row kb-theme-content-width\"><style>.kadence-column_f9c328-41 > .kt-inside-inner-col{border-top-width:0px;border-right-width:0px;border-bottom-width:0px;border-left-width:0px;}.kadence-column_f9c328-41 > .kt-inside-inner-col,.kadence-column_f9c328-41 > .kt-inside-inner-col:before{border-top-left-radius:0px;border-top-right-radius:0px;border-bottom-right-radius:0px;border-bottom-left-radius:0px;}.kadence-column_f9c328-41 > .kt-inside-inner-col:before{opacity:0.3;}.kadence-column_f9c328-41{position:relative;}<\/style>\n<div class=\"wp-block-kadence-column inner-column-1 kadence-column_f9c328-41\"><div class=\"kt-inside-inner-col\">\n<figure class=\"wp-block-image size-full\"><img decoding=\"async\" src=\"https:\/\/www.stefgraphisme.fr\/sites-cles-en-main\/avance\/wp-content\/uploads\/2021\/09\/site-web-smartphone.jpg\" alt=\"\" class=\"wp-image-304\"\/><\/figure>\n<\/div><\/div>\n\n\n<style>.kadence-column_0df90f-e8 > .kt-inside-inner-col{border-top-width:0px;border-right-width:0px;border-bottom-width:0px;border-left-width:0px;}.kadence-column_0df90f-e8 > .kt-inside-inner-col,.kadence-column_0df90f-e8 > .kt-inside-inner-col:before{border-top-left-radius:0px;border-top-right-radius:0px;border-bottom-right-radius:0px;border-bottom-left-radius:0px;}.kadence-column_0df90f-e8 > .kt-inside-inner-col:before{opacity:0.3;}.kadence-column_0df90f-e8{position:relative;}<\/style>\n<div class=\"wp-block-kadence-column inner-column-2 kadence-column_0df90f-e8\"><div class=\"kt-inside-inner-col\"><style>.wp-block-kadence-advancedheading.kt-adv-heading_6fa0a2-6b, .wp-block-kadence-advancedheading.kt-adv-heading_6fa0a2-6b[data-kb-block=\"kb-adv-heading_6fa0a2-6b\"]{padding-bottom:0px;text-align:left;font-size:80px;font-weight:900;font-style:normal;text-transform:uppercase;letter-spacing:0.5px;}.wp-block-kadence-advancedheading.kt-adv-heading_6fa0a2-6b mark, .wp-block-kadence-advancedheading.kt-adv-heading_6fa0a2-6b[data-kb-block=\"kb-adv-heading_6fa0a2-6b\"] mark{font-style:normal;color:var(--global-palette1, #3182CE);padding-top:0px;padding-right:0px;padding-bottom:0px;padding-left:0px;}<\/style>\n<h2 class=\"kt-adv-heading_6fa0a2-6b wp-block-kadence-advancedheading has-theme-palette-3-color has-text-color\" data-kb-block=\"kb-adv-heading_6fa0a2-6b\"><mark class=\"kt-highlight\">1.<\/mark> sERVICE 1 <\/h2>\n\n\n<style>.wp-block-kadence-advancedheading.kt-adv-heading_adfaa2-7d, .wp-block-kadence-advancedheading.kt-adv-heading_adfaa2-7d[data-kb-block=\"kb-adv-heading_adfaa2-7d\"]{font-size:18px;line-height:30px;font-style:normal;}.wp-block-kadence-advancedheading.kt-adv-heading_adfaa2-7d mark, .wp-block-kadence-advancedheading.kt-adv-heading_adfaa2-7d[data-kb-block=\"kb-adv-heading_adfaa2-7d\"] mark{font-style:normal;color:#f76a0c;padding-top:0px;padding-right:0px;padding-bottom:0px;padding-left:0px;}<\/style>\n<p class=\"kt-adv-heading_adfaa2-7d wp-block-kadence-advancedheading has-theme-palette-2-color has-text-color\" data-kb-block=\"kb-adv-heading_adfaa2-7d\">Ici se trouvera la description d\u00e9taill\u00e9e de votre service 1<\/p>\n<\/div><\/div>\n<\/div><\/div><\/div>\n\n\n<style>#kt-layout-id_b39cb0-0b > .kt-row-column-wrap{align-content:center;}:where(#kt-layout-id_b39cb0-0b > .kt-row-column-wrap) > .wp-block-kadence-column{justify-content:center;}#kt-layout-id_b39cb0-0b > .kt-row-column-wrap{column-gap:80px;row-gap:var(--global-kb-gap-md, 2rem);max-width:var( --global-content-width, 1440px );padding-left:var(--global-content-edge-padding);padding-right:var(--global-content-edge-padding);padding-top:25px;padding-bottom:25px;padding-top:80px;padding-bottom:80px;grid-template-columns:minmax(0, 2fr) minmax(0, 1fr);}#kt-layout-id_b39cb0-0b > .kt-row-layout-overlay{opacity:0.30;}@media all and (max-width: 1024px){#kt-layout-id_b39cb0-0b > .kt-row-column-wrap{grid-template-columns:repeat(2, minmax(0, 1fr));}}@media all and (max-width: 767px){#kt-layout-id_b39cb0-0b > .kt-row-column-wrap{grid-template-columns:minmax(0, 1fr);}}<\/style>\n<div class=\"wp-block-kadence-rowlayout alignnone\"><div id=\"kt-layout-id_b39cb0-0b\" class=\"kt-row-layout-inner kt-layout-id_b39cb0-0b\"><div class=\"kt-row-column-wrap kt-has-2-columns kt-gutter-widest kt-v-gutter-default kt-row-valign-middle kt-row-layout-left-golden kt-tab-layout-inherit kt-m-colapse-left-to-right kt-mobile-layout-row kb-theme-content-width\"><style>.kadence-column_ab1b95-1e > .kt-inside-inner-col{border-top-width:0px;border-right-width:0px;border-bottom-width:0px;border-left-width:0px;}.kadence-column_ab1b95-1e > .kt-inside-inner-col,.kadence-column_ab1b95-1e > .kt-inside-inner-col:before{border-top-left-radius:0px;border-top-right-radius:0px;border-bottom-right-radius:0px;border-bottom-left-radius:0px;}.kadence-column_ab1b95-1e > .kt-inside-inner-col:before{opacity:0.3;}.kadence-column_ab1b95-1e{position:relative;}<\/style>\n<div class=\"wp-block-kadence-column inner-column-1 kadence-column_ab1b95-1e\"><div class=\"kt-inside-inner-col\"><style>.wp-block-kadence-advancedheading.kt-adv-heading_0dec45-04, .wp-block-kadence-advancedheading.kt-adv-heading_0dec45-04[data-kb-block=\"kb-adv-heading_0dec45-04\"]{padding-bottom:0px;text-align:left;font-size:80px;font-weight:900;font-style:normal;text-transform:uppercase;letter-spacing:0.5px;}.wp-block-kadence-advancedheading.kt-adv-heading_0dec45-04 mark, .wp-block-kadence-advancedheading.kt-adv-heading_0dec45-04[data-kb-block=\"kb-adv-heading_0dec45-04\"] mark{font-style:normal;color:var(--global-palette1, #3182CE);padding-top:0px;padding-right:0px;padding-bottom:0px;padding-left:0px;}<\/style>\n<h2 class=\"kt-adv-heading_0dec45-04 wp-block-kadence-advancedheading has-theme-palette-3-color has-text-color\" data-kb-block=\"kb-adv-heading_0dec45-04\"><mark class=\"kt-highlight\">2.<\/mark> sERVICE 2 <\/h2>\n\n\n<style>.wp-block-kadence-advancedheading.kt-adv-heading_78d75e-ea, .wp-block-kadence-advancedheading.kt-adv-heading_78d75e-ea[data-kb-block=\"kb-adv-heading_78d75e-ea\"]{font-size:18px;line-height:30px;font-style:normal;}.wp-block-kadence-advancedheading.kt-adv-heading_78d75e-ea mark, .wp-block-kadence-advancedheading.kt-adv-heading_78d75e-ea[data-kb-block=\"kb-adv-heading_78d75e-ea\"] mark{font-style:normal;color:#f76a0c;padding-top:0px;padding-right:0px;padding-bottom:0px;padding-left:0px;}<\/style>\n<p class=\"kt-adv-heading_78d75e-ea wp-block-kadence-advancedheading has-theme-palette-2-color has-text-color\" data-kb-block=\"kb-adv-heading_78d75e-ea\"> Ici se trouvera la description d\u00e9taill\u00e9e de votre service 2<\/p>\n\n\n\n<p><\/p>\n<\/div><\/div>\n\n\n<style>.kadence-column_c5cd1a-ae > .kt-inside-inner-col{border-top-width:0px;border-right-width:0px;border-bottom-width:0px;border-left-width:0px;}.kadence-column_c5cd1a-ae > .kt-inside-inner-col,.kadence-column_c5cd1a-ae > .kt-inside-inner-col:before{border-top-left-radius:0px;border-top-right-radius:0px;border-bottom-right-radius:0px;border-bottom-left-radius:0px;}.kadence-column_c5cd1a-ae > .kt-inside-inner-col:before{opacity:0.3;}.kadence-column_c5cd1a-ae{position:relative;}<\/style>\n<div class=\"wp-block-kadence-column inner-column-2 kadence-column_c5cd1a-ae\"><div class=\"kt-inside-inner-col\">\n<figure class=\"wp-block-image size-full\"><img decoding=\"async\" src=\"https:\/\/www.stefgraphisme.fr\/sites-cles-en-main\/avance\/wp-content\/uploads\/2021\/09\/referencement-naturel-optimise.jpg\" alt=\"\" class=\"wp-image-303\"\/><\/figure>\n<\/div><\/div>\n<\/div><\/div><\/div>\n\n\n<style>#kt-layout-id_8e917d-c1 > .kt-row-column-wrap{align-content:center;}:where(#kt-layout-id_8e917d-c1 > .kt-row-column-wrap) > .wp-block-kadence-column{justify-content:center;}#kt-layout-id_8e917d-c1 > .kt-row-column-wrap{column-gap:80px;row-gap:var(--global-kb-gap-md, 2rem);max-width:var( --global-content-width, 1440px );padding-left:var(--global-content-edge-padding);padding-right:var(--global-content-edge-padding);padding-top:25px;padding-bottom:25px;padding-top:80px;padding-bottom:80px;grid-template-columns:minmax(0, 1fr) minmax(0, 2fr);}#kt-layout-id_8e917d-c1 > .kt-row-layout-overlay{opacity:0.30;}@media all and (max-width: 1024px){#kt-layout-id_8e917d-c1 > .kt-row-column-wrap{grid-template-columns:repeat(2, minmax(0, 1fr));}}@media all and (max-width: 767px){#kt-layout-id_8e917d-c1 > .kt-row-column-wrap{grid-template-columns:minmax(0, 1fr);}}<\/style>\n<div class=\"wp-block-kadence-rowlayout alignnone\"><div id=\"kt-layout-id_8e917d-c1\" class=\"kt-row-layout-inner kt-layout-id_8e917d-c1\"><div class=\"kt-row-column-wrap kt-has-2-columns kt-gutter-widest kt-v-gutter-default kt-row-valign-middle kt-row-layout-right-golden kt-tab-layout-inherit kt-m-colapse-left-to-right kt-mobile-layout-row kb-theme-content-width\"><style>.kadence-column_cf06a3-88 > .kt-inside-inner-col{border-top-width:0px;border-right-width:0px;border-bottom-width:0px;border-left-width:0px;}.kadence-column_cf06a3-88 > .kt-inside-inner-col,.kadence-column_cf06a3-88 > .kt-inside-inner-col:before{border-top-left-radius:0px;border-top-right-radius:0px;border-bottom-right-radius:0px;border-bottom-left-radius:0px;}.kadence-column_cf06a3-88 > .kt-inside-inner-col:before{opacity:0.3;}.kadence-column_cf06a3-88{position:relative;}<\/style>\n<div class=\"wp-block-kadence-column inner-column-1 kadence-column_cf06a3-88\"><div class=\"kt-inside-inner-col\">\n<figure class=\"wp-block-image size-full\"><img decoding=\"async\" src=\"https:\/\/www.stefgraphisme.fr\/sites-cles-en-main\/avance\/wp-content\/uploads\/2021\/09\/document-modification-wordpress.jpg\" alt=\"\" class=\"wp-image-302\"\/><\/figure>\n\n\n\n<p><\/p>\n<\/div><\/div>\n\n\n<style>.kadence-column_b1fdc5-ff > .kt-inside-inner-col{border-top-width:0px;border-right-width:0px;border-bottom-width:0px;border-left-width:0px;}.kadence-column_b1fdc5-ff > .kt-inside-inner-col,.kadence-column_b1fdc5-ff > .kt-inside-inner-col:before{border-top-left-radius:0px;border-top-right-radius:0px;border-bottom-right-radius:0px;border-bottom-left-radius:0px;}.kadence-column_b1fdc5-ff > .kt-inside-inner-col:before{opacity:0.3;}.kadence-column_b1fdc5-ff{position:relative;}<\/style>\n<div class=\"wp-block-kadence-column inner-column-2 kadence-column_b1fdc5-ff\"><div class=\"kt-inside-inner-col\"><style>.wp-block-kadence-advancedheading.kt-adv-heading_a0c4ba-d2, .wp-block-kadence-advancedheading.kt-adv-heading_a0c4ba-d2[data-kb-block=\"kb-adv-heading_a0c4ba-d2\"]{padding-bottom:0px;text-align:left;font-size:80px;font-weight:900;font-style:normal;text-transform:uppercase;letter-spacing:0.5px;}.wp-block-kadence-advancedheading.kt-adv-heading_a0c4ba-d2 mark, .wp-block-kadence-advancedheading.kt-adv-heading_a0c4ba-d2[data-kb-block=\"kb-adv-heading_a0c4ba-d2\"] mark{font-style:normal;color:var(--global-palette1, #3182CE);padding-top:0px;padding-right:0px;padding-bottom:0px;padding-left:0px;}<\/style>\n<h2 class=\"kt-adv-heading_a0c4ba-d2 wp-block-kadence-advancedheading has-theme-palette-3-color has-text-color\" data-kb-block=\"kb-adv-heading_a0c4ba-d2\"><mark class=\"kt-highlight\">3.<\/mark> sERVICE 3 <\/h2>\n\n\n<style>.wp-block-kadence-advancedheading.kt-adv-heading_349f28-30, .wp-block-kadence-advancedheading.kt-adv-heading_349f28-30[data-kb-block=\"kb-adv-heading_349f28-30\"]{font-size:18px;line-height:30px;font-style:normal;}.wp-block-kadence-advancedheading.kt-adv-heading_349f28-30 mark, .wp-block-kadence-advancedheading.kt-adv-heading_349f28-30[data-kb-block=\"kb-adv-heading_349f28-30\"] mark{font-style:normal;color:#f76a0c;padding-top:0px;padding-right:0px;padding-bottom:0px;padding-left:0px;}<\/style>\n<p class=\"kt-adv-heading_349f28-30 wp-block-kadence-advancedheading has-theme-palette-2-color has-text-color\" data-kb-block=\"kb-adv-heading_349f28-30\"> Ici se trouvera la description d\u00e9taill\u00e9e de votre service 3<\/p>\n\n\n\n<p><\/p>\n<\/div><\/div>\n<\/div><\/div><\/div>\n\n\n\n<p><\/p>\n","protected":false},"excerpt":{"rendered":"<p>Vos services sous-titre Pr\u00e9sentation de vos services 1. sERVICE 1 Ici se trouvera la description d\u00e9taill\u00e9e de votre service 1 2. sERVICE 2 Ici se trouvera la description d\u00e9taill\u00e9e de votre service 2 3. sERVICE 3 Ici se trouvera la description d\u00e9taill\u00e9e de votre service 3<\/p>\n","protected":false},"author":1,"featured_media":0,"parent":0,"menu_order":0,"comment_status":"closed","ping_status":"closed","template":"","meta":{"_kad_post_transparent":"","_kad_post_title":"","_kad_post_layout":"","_kad_post_sidebar_id":"","_kad_post_content_style":"","_kad_post_vertical_padding":"","_kad_post_feature":"","_kad_post_feature_position":"","_kad_post_header":false,"_kad_post_footer":false,"_kad_post_classname":""},"_links":{"self":[{"href":"https:\/\/stefgraphisme.fr\/sites-cles-en-main\/avance\/wp-json\/wp\/v2\/pages\/19"}],"collection":[{"href":"https:\/\/stefgraphisme.fr\/sites-cles-en-main\/avance\/wp-json\/wp\/v2\/pages"}],"about":[{"href":"https:\/\/stefgraphisme.fr\/sites-cles-en-main\/avance\/wp-json\/wp\/v2\/types\/page"}],"author":[{"embeddable":true,"href":"https:\/\/stefgraphisme.fr\/sites-cles-en-main\/avance\/wp-json\/wp\/v2\/users\/1"}],"replies":[{"embeddable":true,"href":"https:\/\/stefgraphisme.fr\/sites-cles-en-main\/avance\/wp-json\/wp\/v2\/comments?post=19"}],"version-history":[{"count":16,"href":"https:\/\/stefgraphisme.fr\/sites-cles-en-main\/avance\/wp-json\/wp\/v2\/pages\/19\/revisions"}],"predecessor-version":[{"id":392,"href":"https:\/\/stefgraphisme.fr\/sites-cles-en-main\/avance\/wp-json\/wp\/v2\/pages\/19\/revisions\/392"}],"wp:attachment":[{"href":"https:\/\/stefgraphisme.fr\/sites-cles-en-main\/avance\/wp-json\/wp\/v2\/media?parent=19"}],"curies":[{"name":"wp","href":"https:\/\/api.w.org\/{rel}","templated":true}]}}